{"id":73616,"date":"2024-10-11T14:22:05","date_gmt":"2024-10-11T14:22:05","guid":{"rendered":"https:\/\/webdev.dolphinaris.com.mx\/?page_id=73616"},"modified":"2024-10-11T14:28:05","modified_gmt":"2024-10-11T14:28:05","slug":"terminos-y-condiciones","status":"publish","type":"page","link":"https:\/\/webdev.dolphinaris.com.mx\/es\/terminos-y-condiciones\/","title":{"rendered":"T\u00e9rminos y condiciones"},"content":{"rendered":"\t\t<div data-elementor-type=\"wp-page\" data-elementor-id=\"73616\" class=\"elementor elementor-73616\" data-elementor-post-type=\"page\">\n\t\t\t\t<div class=\"elementor-element elementor-element-10b2e45 e-flex e-con-boxed e-con e-parent\" data-id=\"10b2e45\" data-element_type=\"container\">\n\t\t\t\t\t<div class=\"e-con-inner\">\n\t\t\t\t<div class=\"elementor-element elementor-element-e052b90 elementor-widget elementor-widget-spacer\" data-id=\"e052b90\" data-element_type=\"widget\" data-widget_type=\"spacer.default\">\n\t\t\t\t<div class=\"elementor-widget-container\">\n\t\t\t<style>\/*! elementor - v3.21.0 - 08-05-2024 *\/\n.elementor-column .elementor-spacer-inner{height:var(--spacer-size)}.e-con{--container-widget-width:100%}.e-con-inner>.elementor-widget-spacer,.e-con>.elementor-widget-spacer{width:var(--container-widget-width,var(--spacer-size));--align-self:var(--container-widget-align-self,initial);--flex-shrink:0}.e-con-inner>.elementor-widget-spacer>.elementor-widget-container,.e-con>.elementor-widget-spacer>.elementor-widget-container{height:100%;width:100%}.e-con-inner>.elementor-widget-spacer>.elementor-widget-container>.elementor-spacer,.e-con>.elementor-widget-spacer>.elementor-widget-container>.elementor-spacer{height:100%}.e-con-inner>.elementor-widget-spacer>.elementor-widget-container>.elementor-spacer>.elementor-spacer-inner,.e-con>.elementor-widget-spacer>.elementor-widget-container>.elementor-spacer>.elementor-spacer-inner{height:var(--container-widget-height,var(--spacer-size))}.e-con-inner>.elementor-widget-spacer.elementor-widget-empty,.e-con>.elementor-widget-spacer.elementor-widget-empty{position:relative;min-height:22px;min-width:22px}.e-con-inner>.elementor-widget-spacer.elementor-widget-empty .elementor-widget-empty-icon,.e-con>.elementor-widget-spacer.elementor-widget-empty .elementor-widget-empty-icon{position:absolute;top:0;bottom:0;left:0;right:0;margin:auto;padding:0;width:22px;height:22px}<\/style>\t\t<div class=\"elementor-spacer\">\n\t\t\t<div class=\"elementor-spacer-inner\"><\/div>\n\t\t<\/div>\n\t\t\t\t<\/div>\n\t\t\t\t<\/div>\n\t\t\t\t<div class=\"elementor-element elementor-element-d23e494 elementor-widget elementor-widget-heading\" data-id=\"d23e494\" data-element_type=\"widget\" data-widget_type=\"heading.default\">\n\t\t\t\t<div class=\"elementor-widget-container\">\n\t\t\t<style>\/*! elementor - v3.21.0 - 08-05-2024 *\/\n.elementor-heading-title{padding:0;margin:0;line-height:1}.elementor-widget-heading .elementor-heading-title[class*=elementor-size-]>a{color:inherit;font-size:inherit;line-height:inherit}.elementor-widget-heading .elementor-heading-title.elementor-size-small{font-size:15px}.elementor-widget-heading .elementor-heading-title.elementor-size-medium{font-size:19px}.elementor-widget-heading .elementor-heading-title.elementor-size-large{font-size:29px}.elementor-widget-heading .elementor-heading-title.elementor-size-xl{font-size:39px}.elementor-widget-heading .elementor-heading-title.elementor-size-xxl{font-size:59px}<\/style><h2 class=\"elementor-heading-title elementor-size-default\"><h1 data-elementor-setting-key=\"title\" data-pen-placeholder=\"Teclea aqu\u00ed...\" style=\"font-family: Montserrat, sans-serif; font-weight: 500;\">T\u00c9RMINOS Y CONDICIONES<span style=\"color: var( --e-global-color-primary ); font-family: var( --e-global-typography-primary-font-family ), Sans-serif; font-weight: var( --e-global-typography-primary-font-weight ); text-align: var(--text-align);\"><\/span><\/h1><\/h2>\t\t<\/div>\n\t\t\t\t<\/div>\n\t\t\t\t<div class=\"elementor-element elementor-element-89a9d0d elementor-widget elementor-widget-text-editor\" data-id=\"89a9d0d\" data-element_type=\"widget\" data-widget_type=\"text-editor.default\">\n\t\t\t\t<div class=\"elementor-widget-container\">\n\t\t\t<style>\/*! elementor - v3.21.0 - 08-05-2024 *\/\n.elementor-widget-text-editor.elementor-drop-cap-view-stacked .elementor-drop-cap{background-color:#69727d;color:#fff}.elementor-widget-text-editor.elementor-drop-cap-view-framed .elementor-drop-cap{color:#69727d;border:3px solid;background-color:transparent}.elementor-widget-text-editor:not(.elementor-drop-cap-view-default) .elementor-drop-cap{margin-top:8px}.elementor-widget-text-editor:not(.elementor-drop-cap-view-default) .elementor-drop-cap-letter{width:1em;height:1em}.elementor-widget-text-editor .elementor-drop-cap{float:left;text-align:center;line-height:1;font-size:50px}.elementor-widget-text-editor .elementor-drop-cap-letter{display:inline-block}<\/style>\t\t\t\t<p>Es muy importante que usted lea los T\u00e9rminos y Condiciones cuidadosamente antes de hacer su reservaci\u00f3n en Dolphinaris.<\/p><p>\u2022 Para acreditar su reserva es esencial que se presente el titular de la tarjeta de cr\u00e9dito o d\u00e9bito, presentando la misma tarjeta f\u00edsicamente con la que se realiz\u00f3 la reserva y una identificaci\u00f3n oficial con fotograf\u00eda.<\/p><p>\u2022 Las identificaciones que se aceptan son: INE, Licencia para manejar, IMSS, Pasaporte y C\u00e9dula Profesional.<\/p><p>\u2022 Para reservas en l\u00ednea se deber\u00e1n hacer con al menos un d\u00eda de anticipaci\u00f3n.<\/p><p>\u2022 El monto total de su reservaci\u00f3n ser\u00e1 cargado a su tarjeta al momento de hacer su reservaci\u00f3n.<\/p><p>\u2022 Pagos realizados con tarjetas Visa, MasterCard y American Express: El cargo ser\u00e1 procesado a trav\u00e9s de la plataforma Openpay<\/p><p>.<\/p><p>\u2022 Los cargos ser\u00e1n en pesos mexicanos (MXN). Para tarjetas extranjeras con cargos en d\u00f3lares americanos, la conversi\u00f3n se har\u00e1 conforme al tipo de cambio que su banco maneje y depender\u00e1 de su banco.<\/p><p>\u2022 Su estado de cuenta reflejar\u00e1 el cargo bajo el nombre de Dolphinaris.<\/p><p>\u2022 Para realizar alguna modificaci\u00f3n, por favor env\u00ede el n\u00famero de confirmaci\u00f3n de su reservaci\u00f3n y la nueva fecha de su visita al correo electr\u00f3nico:<br \/>contactus@dolphinaris.com.mx y nuestro personal de reservaciones se pondr\u00e1 en contacto con usted.<\/p><p><strong>Cambios o Cancelaciones<\/strong><\/p><p>\u2022 No se aplicar\u00e1n reembolsos a reservas con alg\u00fan descuento o promoci\u00f3n aplicada, la reserva podr\u00e1 cambiarse a cualquier fecha durante los siguientes 6 meses posteriores.<\/p><p>\u2022 Se aplicar\u00e1 un 10% de penalidad correspondiente a gastos administrativos a cualquier reembolso que sea procedente seg\u00fan los t\u00e9rminos y condiciones.<\/p><p>\u2022 En caso de no realizar el cambio o modificaci\u00f3n en el plazo m\u00ednimo se\u00f1alado y en el supuesto de que el hu\u00e9sped no haya efectuado la redenci\u00f3n de la reserva esta ser\u00e1 considerada No Show y el pago efectuado no ser\u00e1 reembolsable.<\/p><p>\u2022 No se aplicar\u00e1 reembolso por anticipos de reservaciones no completadas.<\/p><p>\u2022 Cualquier cambio o cancelaci\u00f3n en los casos que sea aplicable deber\u00e1 solicitarse mediante correo electr\u00f3nico a contactus@doplhinaris.com.mx con al menos 24 horas de anticipaci\u00f3n a la fecha inicial de la reserva, y nuestro personal de reservas se comunicar\u00e1 con usted o llame a nuestra oficina de reservas a los siguientes n\u00fameros:<\/p><p>MEX Canc\u00fan: +52 998 881 30 30<\/p><p>MEX Riviera Maya y Cozumel: +52 998 881 30 30<\/p><p>WhatsApp: 998 193 33 63<\/p><p class=\"p1\">Garant\u00eda de Clima<\/p><p class=\"p2\">Si desea reprogramar su nado con delfines s\u00f3lo ll\u00e1menos con 24 horas de anticipaci\u00f3n y reprogramaremos su visita. Y si no se ajusta a su plan de vacaciones, la reservaci\u00f3n es v\u00e1lida hasta por un a\u00f1o a la fecha de compra.<\/p><p class=\"p1\">No Shows<\/p><p class=\"p2\">Le pedimos presentarse al menos media hora antes del horario confirmado para su nado, en caso de no acudir no reembolsar\u00e1 ninguna parte de la cantidad cobrada.<\/p><p class=\"p1\">Personas que requieran asistencia especial<\/p><p class=\"p2\">Dolphinaris hace todo lo posible para que nuestros visitantes con necesidades especiales est\u00e9n c\u00f3modos. Sin embargo, usted debe comunicarse con nuestro personal de reservaciones antes de realizar su compra para explicar el tipo de asistencia requerida y garantizar que esas necesidades puedan ser satisfechas.<\/p><p class=\"p1\">Acciones preventivas sobre COVID-19<\/p><p class=\"p2\">Dolphinaris ha implementado las precauciones y medidas de higiene de acuerdo a las recomendaciones de prevenci\u00f3n dispuestas por el Gobierno Federal, Secretar\u00eda de Salud y las autoridades locales, sin embargo, es importante considerar que existe un riesgo inherente de exposici\u00f3n al virus denominado COVID-19 en cualquier lugar p\u00fablico. Cabe resaltar que el virus COVID-19 es una enfermedad extremadamente contagiosa que puede provocar enfermedades graves inclusive la muerte, es por lo anterior, que al visitar Dolphinaris se asume voluntaria y t\u00e1citamente todos los riesgos relacionados con la exposici\u00f3n al virus COVID-19, deslindando a Tagepa, S.A.PI. de C.V., y sus empresas controladoras y filiales de cualquier responsabilidad de contagio.<\/p><p class=\"p2\">Le invitamos a cumplir con las reglas impuestas dentro del parque, en caso contrario, Dolphinaris se reserva sin responsabilidad alguna, el derecho de solicitar la salida del hu\u00e9sped a fin de hacer prevalecer la salud de nuestros hu\u00e9spedes y colaboradores.<\/p><p class=\"p1\">PROMOCIONES<\/p><p class=\"p2\"><b>Nado con delfines + VenturaPark Canc\u00fan. <\/b><\/p><p class=\"p2\">El acceso a VenturaPark Canc\u00fan est\u00e1 incluido* en la compra de un nado con delfines en los horarios de operaci\u00f3n vigentes del parque. *1 Admisi\u00f3n Ventura FUN por experiencia reservada en Dolphinaris, no incluye transportaci\u00f3n a VenturaPark.<\/p><p class=\"p2\"><b>Paquete de fotos: <\/b><\/p><p class=\"p2\">Fotos: Ponemos a su disposici\u00f3n nuestro servicio de fotograf\u00eda profesional para atesorar sus m\u00e1gicos recuerdos.<\/p><p class=\"p2\">-Paquete Individual: Incluye 8 fotograf\u00edas digitales y una de ellas impresa.<\/p><p class=\"p2\">-Paquete Grupal: Incluye todas las fotograf\u00edas individuales y una fotograf\u00eda grupal impresa. Paquete grupal para hasta 8 personas por paquete<\/p><p class=\"p2\"><b>Paga a MSI con tarjetas de cr\u00e9dito participantes. <\/b><\/p><p class=\"p1\">Reglas de los meses sin intereses:<\/p><ul class=\"ul1\"><li class=\"li1\">Dolphinaris 12 meses sin intereses comprando con hasta 30% de descuento sobre precio regular y con compras m\u00ednimas $3000 mxn.<\/li><li class=\"li1\"><span class=\"s1\">\u00a0<\/span>Dolphinaris 6 meses sin intereses comprando con hasta 30% de descuento sobre precio regular y con compras m\u00ednimas de $1500 mxn.<\/li><\/ul><p class=\"p1\">Politica de cancelacion:<\/p><p class=\"p1\">Compras hechas con promociones tales como descuentos o 3\u00d72, no est\u00e1n sujetas a cancelaciones, se podr\u00e1n hacer cambios de fechas o dejarlo abierto durante 12 meses.<\/p><p class=\"p1\">Embarazadas:<\/p><p class=\"p1\">Sin excepci\u00f3n, no se les permite participar a mujeres embarazadas en programas de nado.<\/p><p class=\"p1\"><b>Descuento en nados con delfines por compra anticipada: Anticipa tu compra y ahorra m\u00e1s. <\/b><\/p><p class=\"p1\">-40% de descuento en compras hechas con al menos 15 d\u00edas de anticipaci\u00f3n.<\/p><p class=\"p1\">-30% de descuento en compras hechas con al menos 3 d\u00edas de anticipaci\u00f3n.<\/p><p class=\"p1\">-10 usd de descuento comprando el mismo d\u00eda en l\u00ednea<\/p><p class=\"p1\">-3\u00d72: Aplica \u00fanicamente en compras en l\u00ednea en la locaci\u00f3n de Canc\u00fan. Aplica sobre precios regulares comprando con al menos un d\u00eda de anticipaci\u00f3n. No aplica con otras promociones, eventos privados o especiales. Aplica unicamente en compras con promocode CUN3X2 en admisiones Ocean Secrets, Fintastic y Friendly.<\/p>\t\t\t\t\t\t<\/div>\n\t\t\t\t<\/div>\n\t\t\t\t\t<\/div>\n\t\t\t\t<\/div>\n\t\t\t\t<\/div>\n\t\t","protected":false},"excerpt":{"rendered":"<p>T\u00c9RMINOS Y CONDICIONES Es muy importante que usted lea los T\u00e9rminos y Condiciones cuidadosamente antes de hacer su reservaci\u00f3n en Dolphinaris. \u2022 Para acreditar su reserva es esencial que se presente el titular de la tarjeta de cr\u00e9dito o d\u00e9bito, presentando la misma tarjeta f\u00edsicamente con la que se realiz\u00f3 la reserva y una identificaci\u00f3n [&hellip;]<\/p>\n","protected":false},"author":3,"featured_media":0,"parent":0,"menu_order":0,"comment_status":"closed","ping_status":"closed","template":"","meta":{"_acf_changed":false,"footnotes":""},"class_list":["post-73616","page","type-page","status-publish","hentry"],"acf":[],"_links":{"self":[{"href":"https:\/\/webdev.dolphinaris.com.mx\/es\/wp-json\/wp\/v2\/pages\/73616","targetHints":{"allow":["GET"]}}],"collection":[{"href":"https:\/\/webdev.dolphinaris.com.mx\/es\/wp-json\/wp\/v2\/pages"}],"about":[{"href":"https:\/\/webdev.dolphinaris.com.mx\/es\/wp-json\/wp\/v2\/types\/page"}],"author":[{"embeddable":true,"href":"https:\/\/webdev.dolphinaris.com.mx\/es\/wp-json\/wp\/v2\/users\/3"}],"replies":[{"embeddable":true,"href":"https:\/\/webdev.dolphinaris.com.mx\/es\/wp-json\/wp\/v2\/comments?post=73616"}],"version-history":[{"count":13,"href":"https:\/\/webdev.dolphinaris.com.mx\/es\/wp-json\/wp\/v2\/pages\/73616\/revisions"}],"predecessor-version":[{"id":73631,"href":"https:\/\/webdev.dolphinaris.com.mx\/es\/wp-json\/wp\/v2\/pages\/73616\/revisions\/73631"}],"wp:attachment":[{"href":"https:\/\/webdev.dolphinaris.com.mx\/es\/wp-json\/wp\/v2\/media?parent=73616"}],"curies":[{"name":"wp","href":"https:\/\/api.w.org\/{rel}","templated":true}]}}