{"id":346,"date":"2024-05-16T04:32:05","date_gmt":"2024-05-16T04:32:05","guid":{"rendered":"https:\/\/webdev.dolphinaris.com.mx\/?page_id=346"},"modified":"2024-05-26T02:01:50","modified_gmt":"2024-05-26T02:01:50","slug":"educacion","status":"publish","type":"page","link":"https:\/\/webdev.dolphinaris.com.mx\/es\/educacion\/","title":{"rendered":"Educacion"},"content":{"rendered":"\t\t<div data-elementor-type=\"wp-page\" data-elementor-id=\"346\" class=\"elementor elementor-346\" data-elementor-post-type=\"page\">\n\t\t\t\t<div class=\"elementor-element elementor-element-4ce95fe e-con-full e-flex e-con e-parent\" data-id=\"4ce95fe\" data-element_type=\"container\">\n\t\t\t\t<div class=\"elementor-element elementor-element-0e8b068 elementor--h-position-center elementor--v-position-middle elementor-arrows-position-inside elementor-pagination-position-inside elementor-widget elementor-widget-slides\" data-id=\"0e8b068\" data-element_type=\"widget\" data-settings=\"{&quot;navigation&quot;:&quot;both&quot;,&quot;autoplay&quot;:&quot;yes&quot;,&quot;pause_on_hover&quot;:&quot;yes&quot;,&quot;pause_on_interaction&quot;:&quot;yes&quot;,&quot;autoplay_speed&quot;:5000,&quot;infinite&quot;:&quot;yes&quot;,&quot;transition&quot;:&quot;slide&quot;,&quot;transition_speed&quot;:500}\" data-widget_type=\"slides.default\">\n\t\t\t\t<div class=\"elementor-widget-container\">\n\t\t\t<style>\/*! elementor-pro - v3.21.0 - 30-04-2024 *\/\n.elementor-slides .swiper-slide-bg{background-size:cover;background-position:50%;background-repeat:no-repeat;min-width:100%;min-height:100%}.elementor-slides .swiper-slide-inner{background-repeat:no-repeat;background-position:50%;position:absolute;top:0;left:0;bottom:0;right:0;padding:50px;margin:auto}.elementor-slides .swiper-slide-inner,.elementor-slides .swiper-slide-inner:hover{color:#fff;display:flex}.elementor-slides .swiper-slide-inner .elementor-background-overlay{position:absolute;z-index:0;top:0;bottom:0;left:0;right:0}.elementor-slides .swiper-slide-inner .elementor-slide-content{position:relative;z-index:1;width:100%}.elementor-slides .swiper-slide-inner .elementor-slide-heading{font-size:35px;font-weight:700;line-height:1}.elementor-slides .swiper-slide-inner .elementor-slide-description{font-size:17px;line-height:1.4}.elementor-slides .swiper-slide-inner .elementor-slide-description:not(:last-child),.elementor-slides .swiper-slide-inner .elementor-slide-heading:not(:last-child){margin-bottom:30px}.elementor-slides .swiper-slide-inner .elementor-slide-button{border:2px solid #fff;color:#fff;background:transparent;display:inline-block}.elementor-slides .swiper-slide-inner .elementor-slide-button,.elementor-slides .swiper-slide-inner .elementor-slide-button:hover{background:transparent;color:inherit;text-decoration:none}.elementor--v-position-top .swiper-slide-inner{align-items:flex-start}.elementor--v-position-bottom .swiper-slide-inner{align-items:flex-end}.elementor--v-position-middle .swiper-slide-inner{align-items:center}.elementor--h-position-left .swiper-slide-inner{justify-content:flex-start}.elementor--h-position-right .swiper-slide-inner{justify-content:flex-end}.elementor--h-position-center .swiper-slide-inner{justify-content:center}body.rtl .elementor-widget-slides .elementor-swiper-button-next{left:10px;right:auto}body.rtl .elementor-widget-slides .elementor-swiper-button-prev{right:10px;left:auto}.elementor-slides-wrapper div:not(.swiper-slide)>.swiper-slide-inner{display:none}@media (max-width:767px){.elementor-slides .swiper-slide-inner{padding:30px}.elementor-slides .swiper-slide-inner .elementor-slide-heading{font-size:23px;line-height:1;margin-bottom:15px}.elementor-slides .swiper-slide-inner .elementor-slide-description{font-size:13px;line-height:1.4;margin-bottom:15px}}<\/style>\t\t<div class=\"elementor-swiper\">\n\t\t\t<div class=\"elementor-slides-wrapper elementor-main-swiper swiper\" dir=\"ltr\" data-animation=\"fadeInUp\">\n\t\t\t\t<div class=\"swiper-wrapper elementor-slides\">\n\t\t\t\t\t\t\t\t\t\t<div class=\"elementor-repeater-item-7d1e8f2 swiper-slide\"><div class=\"swiper-slide-bg\" role=\"img\"><\/div><div class=\"swiper-slide-inner\" ><div class=\"swiper-slide-contents\"><\/div><\/div><\/div>\t\t\t\t<\/div>\n\t\t\t\t\t\t\t<\/div>\n\t\t<\/div>\n\t\t\t\t<\/div>\n\t\t\t\t<\/div>\n\t\t\t\t<\/div>\n\t\t<div class=\"elementor-element elementor-element-b740bb9 e-flex e-con-boxed e-con e-parent\" data-id=\"b740bb9\" data-element_type=\"container\">\n\t\t\t\t\t<div class=\"e-con-inner\">\n\t\t\t\t<div class=\"elementor-element elementor-element-ac366ad elementor-widget-divider--view-line elementor-widget elementor-widget-divider\" data-id=\"ac366ad\" data-element_type=\"widget\" data-widget_type=\"divider.default\">\n\t\t\t\t<div class=\"elementor-widget-container\">\n\t\t\t<style>\/*! elementor - v3.21.0 - 08-05-2024 *\/\n.elementor-widget-divider{--divider-border-style:none;--divider-border-width:1px;--divider-color:#0c0d0e;--divider-icon-size:20px;--divider-element-spacing:10px;--divider-pattern-height:24px;--divider-pattern-size:20px;--divider-pattern-url:none;--divider-pattern-repeat:repeat-x}.elementor-widget-divider .elementor-divider{display:flex}.elementor-widget-divider .elementor-divider__text{font-size:15px;line-height:1;max-width:95%}.elementor-widget-divider .elementor-divider__element{margin:0 var(--divider-element-spacing);flex-shrink:0}.elementor-widget-divider .elementor-icon{font-size:var(--divider-icon-size)}.elementor-widget-divider .elementor-divider-separator{display:flex;margin:0;direction:ltr}.elementor-widget-divider--view-line_icon .elementor-divider-separator,.elementor-widget-divider--view-line_text .elementor-divider-separator{align-items:center}.elementor-widget-divider--view-line_icon .elementor-divider-separator:after,.elementor-widget-divider--view-line_icon .elementor-divider-separator:before,.elementor-widget-divider--view-line_text .elementor-divider-separator:after,.elementor-widget-divider--view-line_text .elementor-divider-separator:before{display:block;content:\"\";border-block-end:0;flex-grow:1;border-block-start:var(--divider-border-width) var(--divider-border-style) var(--divider-color)}.elementor-widget-divider--element-align-left .elementor-divider .elementor-divider-separator>.elementor-divider__svg:first-of-type{flex-grow:0;flex-shrink:100}.elementor-widget-divider--element-align-left .elementor-divider-separator:before{content:none}.elementor-widget-divider--element-align-left .elementor-divider__element{margin-left:0}.elementor-widget-divider--element-align-right .elementor-divider .elementor-divider-separator>.elementor-divider__svg:last-of-type{flex-grow:0;flex-shrink:100}.elementor-widget-divider--element-align-right .elementor-divider-separator:after{content:none}.elementor-widget-divider--element-align-right .elementor-divider__element{margin-right:0}.elementor-widget-divider--element-align-start .elementor-divider .elementor-divider-separator>.elementor-divider__svg:first-of-type{flex-grow:0;flex-shrink:100}.elementor-widget-divider--element-align-start .elementor-divider-separator:before{content:none}.elementor-widget-divider--element-align-start .elementor-divider__element{margin-inline-start:0}.elementor-widget-divider--element-align-end .elementor-divider .elementor-divider-separator>.elementor-divider__svg:last-of-type{flex-grow:0;flex-shrink:100}.elementor-widget-divider--element-align-end .elementor-divider-separator:after{content:none}.elementor-widget-divider--element-align-end .elementor-divider__element{margin-inline-end:0}.elementor-widget-divider:not(.elementor-widget-divider--view-line_text):not(.elementor-widget-divider--view-line_icon) .elementor-divider-separator{border-block-start:var(--divider-border-width) var(--divider-border-style) var(--divider-color)}.elementor-widget-divider--separator-type-pattern{--divider-border-style:none}.elementor-widget-divider--separator-type-pattern.elementor-widget-divider--view-line .elementor-divider-separator,.elementor-widget-divider--separator-type-pattern:not(.elementor-widget-divider--view-line) .elementor-divider-separator:after,.elementor-widget-divider--separator-type-pattern:not(.elementor-widget-divider--view-line) .elementor-divider-separator:before,.elementor-widget-divider--separator-type-pattern:not([class*=elementor-widget-divider--view]) .elementor-divider-separator{width:100%;min-height:var(--divider-pattern-height);-webkit-mask-size:var(--divider-pattern-size) 100%;mask-size:var(--divider-pattern-size) 100%;-webkit-mask-repeat:var(--divider-pattern-repeat);mask-repeat:var(--divider-pattern-repeat);background-color:var(--divider-color);-webkit-mask-image:var(--divider-pattern-url);mask-image:var(--divider-pattern-url)}.elementor-widget-divider--no-spacing{--divider-pattern-size:auto}.elementor-widget-divider--bg-round{--divider-pattern-repeat:round}.rtl .elementor-widget-divider .elementor-divider__text{direction:rtl}.e-con-inner>.elementor-widget-divider,.e-con>.elementor-widget-divider{width:var(--container-widget-width,100%);--flex-grow:var(--container-widget-flex-grow)}<\/style>\t\t<div class=\"elementor-divider\">\n\t\t\t<span class=\"elementor-divider-separator\">\n\t\t\t\t\t\t<\/span>\n\t\t<\/div>\n\t\t\t\t<\/div>\n\t\t\t\t<\/div>\n\t\t\t\t\t<\/div>\n\t\t\t\t<\/div>\n\t\t<div class=\"elementor-element elementor-element-8bd14d2 e-flex e-con-boxed e-con e-parent\" data-id=\"8bd14d2\" data-element_type=\"container\" data-settings=\"{&quot;background_background&quot;:&quot;classic&quot;}\">\n\t\t\t\t\t<div class=\"e-con-inner\">\n\t\t<div class=\"elementor-element elementor-element-126e117 e-flex e-con-boxed e-con e-child\" data-id=\"126e117\" data-element_type=\"container\">\n\t\t\t\t\t<div class=\"e-con-inner\">\n\t\t\t\t<div class=\"elementor-element elementor-element-4f2d6da elementor-widget__width-inherit elementor-widget elementor-widget-image\" data-id=\"4f2d6da\" data-element_type=\"widget\" data-widget_type=\"image.default\">\n\t\t\t\t<div class=\"elementor-widget-container\">\n\t\t\t<style>\/*! elementor - v3.21.0 - 08-05-2024 *\/\n.elementor-widget-image{text-align:center}.elementor-widget-image a{display:inline-block}.elementor-widget-image a img[src$=\".svg\"]{width:48px}.elementor-widget-image img{vertical-align:middle;display:inline-block}<\/style>\t\t\t\t\t\t\t\t\t\t<img fetchpriority=\"high\" decoding=\"async\" width=\"861\" height=\"567\" src=\"https:\/\/webdev.dolphinaris.com.mx\/wp-content\/uploads\/2024\/05\/education-dolphinaris.webp\" class=\"attachment-full size-full wp-image-348\" alt=\"\" srcset=\"https:\/\/webdev.dolphinaris.com.mx\/wp-content\/uploads\/2024\/05\/education-dolphinaris.webp 861w, https:\/\/webdev.dolphinaris.com.mx\/wp-content\/uploads\/2024\/05\/education-dolphinaris-300x198.webp 300w, https:\/\/webdev.dolphinaris.com.mx\/wp-content\/uploads\/2024\/05\/education-dolphinaris-768x506.webp 768w\" sizes=\"(max-width: 861px) 100vw, 861px\" \/>\t\t\t\t\t\t\t\t\t\t\t\t\t<\/div>\n\t\t\t\t<\/div>\n\t\t\t\t\t<\/div>\n\t\t\t\t<\/div>\n\t\t<div class=\"elementor-element elementor-element-df3dbb0 e-flex e-con-boxed e-con e-child\" data-id=\"df3dbb0\" data-element_type=\"container\">\n\t\t\t\t\t<div class=\"e-con-inner\">\n\t\t\t\t<div class=\"elementor-element elementor-element-82aa982 elementor-widget elementor-widget-heading\" data-id=\"82aa982\" data-element_type=\"widget\" data-widget_type=\"heading.default\">\n\t\t\t\t<div class=\"elementor-widget-container\">\n\t\t\t<style>\/*! elementor - v3.21.0 - 08-05-2024 *\/\n.elementor-heading-title{padding:0;margin:0;line-height:1}.elementor-widget-heading .elementor-heading-title[class*=elementor-size-]>a{color:inherit;font-size:inherit;line-height:inherit}.elementor-widget-heading .elementor-heading-title.elementor-size-small{font-size:15px}.elementor-widget-heading .elementor-heading-title.elementor-size-medium{font-size:19px}.elementor-widget-heading .elementor-heading-title.elementor-size-large{font-size:29px}.elementor-widget-heading .elementor-heading-title.elementor-size-xl{font-size:39px}.elementor-widget-heading .elementor-heading-title.elementor-size-xxl{font-size:59px}<\/style><h2 class=\"elementor-heading-title elementor-size-default\">PROGRAMA EDUCATIVO<\/h2>\t\t<\/div>\n\t\t\t\t<\/div>\n\t\t\t\t<div class=\"elementor-element elementor-element-878bc3b elementor-widget elementor-widget-text-editor\" data-id=\"878bc3b\" data-element_type=\"widget\" data-widget_type=\"text-editor.default\">\n\t\t\t\t<div class=\"elementor-widget-container\">\n\t\t\t<style>\/*! elementor - v3.21.0 - 08-05-2024 *\/\n.elementor-widget-text-editor.elementor-drop-cap-view-stacked .elementor-drop-cap{background-color:#69727d;color:#fff}.elementor-widget-text-editor.elementor-drop-cap-view-framed .elementor-drop-cap{color:#69727d;border:3px solid;background-color:transparent}.elementor-widget-text-editor:not(.elementor-drop-cap-view-default) .elementor-drop-cap{margin-top:8px}.elementor-widget-text-editor:not(.elementor-drop-cap-view-default) .elementor-drop-cap-letter{width:1em;height:1em}.elementor-widget-text-editor .elementor-drop-cap{float:left;text-align:center;line-height:1;font-size:50px}.elementor-widget-text-editor .elementor-drop-cap-letter{display:inline-block}<\/style>\t\t\t\t<p style=\"margin: 0px 0px 10px; text-align: justify;\"><span style=\"font-weight: bold;\">El Programa Educativo Dolphinaris<\/span>\u00a0consiste en recorridos guiados para grupos escolares en las instalaciones de cada locaci\u00f3n. Est\u00e1n\u00a0<span style=\"font-weight: bold;\">enfocadas a grupos de primaria de escuelas p\u00fablicas y privadas<\/span>\u00a0cercanas a cada localidad y est\u00e1n dise\u00f1adas como visitas de aprendizaje experiencial impartidas por nuestros Gu\u00edas Ambientales.<\/p><p style=\"margin: 0px 0px 10px; text-align: justify;\">El programa busca promover un\u00a0<span style=\"font-weight: bold;\">sentido de identidad, participaci\u00f3n y acci\u00f3n<\/span>\u00a0hacia la\u00a0<span style=\"font-weight: bold;\">conservaci\u00f3n<\/span>\u00a0de los recursos naturales, principalmente los ecosistemas marinos y sus habitantes como los son los delfines quienes tienen un papel importante en esta din\u00e1mica educativa pues son embajadores del oc\u00e9ano y como tales nos ayudar\u00e1n a entender y a dimensionar la importancia del cuidado de su hogar que tambi\u00e9n es nuestro.<\/p>\t\t\t\t\t\t<\/div>\n\t\t\t\t<\/div>\n\t\t\t\t\t<\/div>\n\t\t\t\t<\/div>\n\t\t\t\t\t<\/div>\n\t\t\t\t<\/div>\n\t\t<div class=\"elementor-element elementor-element-b55329f e-flex e-con-boxed e-con e-parent\" data-id=\"b55329f\" data-element_type=\"container\" data-settings=\"{&quot;background_background&quot;:&quot;classic&quot;}\">\n\t\t\t\t\t<div class=\"e-con-inner\">\n\t\t<div class=\"elementor-element elementor-element-e336253 e-flex e-con-boxed e-con e-child\" data-id=\"e336253\" data-element_type=\"container\">\n\t\t\t\t\t<div class=\"e-con-inner\">\n\t\t\t\t<div class=\"elementor-element elementor-element-7da36c5 elementor-widget elementor-widget-heading\" data-id=\"7da36c5\" data-element_type=\"widget\" data-widget_type=\"heading.default\">\n\t\t\t\t<div class=\"elementor-widget-container\">\n\t\t\t<h2 class=\"elementor-heading-title elementor-size-default\">UNIVERSIDAD TEXAS A&M<\/h2>\t\t<\/div>\n\t\t\t\t<\/div>\n\t\t\t\t<div class=\"elementor-element elementor-element-b0ba3c5 elementor-widget elementor-widget-text-editor\" data-id=\"b0ba3c5\" data-element_type=\"widget\" data-widget_type=\"text-editor.default\">\n\t\t\t\t<div class=\"elementor-widget-container\">\n\t\t\t\t\t\t\t<p>Estudiantes y profesores de la Texas A&amp;M University-Corpus Christi visitan cada verano las instalaciones de<strong>\u00a0Dolphinaris\u00a0<\/strong>para vivir un<strong>\u00a0programa \u00fanico\u00a0<\/strong>que combina<strong>\u00a0la investigaci\u00f3n y la pr\u00e1ctica<\/strong>\u00a0en el cuidado de mam\u00edferos marinos.<br \/>El programa se centra en la investigaci\u00f3n y cuidado animal, y\u00a0<strong>ofrece a los estudiantes una amplia formaci\u00f3n como especialistas ya que durante su estancia trabajan directamente con los delfines y sus entrenadores<\/strong>\u00a0y gracias a ello tienen la oportunidad de aprender bases s\u00f3lidas de la bilog\u00eda, fisiolog\u00eda, comportamiento as\u00ed como tambi\u00e9n acerca de los problemas de conservaci\u00f3n que actualmente existen, al finalizar el programa esto les ayuda a comprender de manera m\u00e1s completa a estos animales y a su entorno.<br \/>La combinaci\u00f3n de todo este aprendizaje diario, s\u00f3lido y continuo, as\u00ed como la experiencia de convivir d\u00eda con d\u00eda con estos maravillosos animales, hacen que el programa sea, sin duda alguna, una experiencia \u00fanica.<\/p><p>M\u00e1s informaci\u00f3n:\u00a0<a title=\"M\u00e1s informaci\u00f3n Dolphinaris &amp; Texas A&amp;M Corpus Christi\" href=\"http:\/\/www.tamucc.edu\/news\/2015\/08\/081715%20Dolphinaris.html#.VefRbWaeXCQ\" rel=\"noopener\"><strong>Texas A&amp;M University Corpus Christi<\/strong><\/a><\/p>\t\t\t\t\t\t<\/div>\n\t\t\t\t<\/div>\n\t\t\t\t\t<\/div>\n\t\t\t\t<\/div>\n\t\t<div class=\"elementor-element elementor-element-ca60ea0 e-flex e-con-boxed e-con e-child\" data-id=\"ca60ea0\" data-element_type=\"container\">\n\t\t\t\t\t<div class=\"e-con-inner\">\n\t\t\t\t<div class=\"elementor-element elementor-element-97ed93d elementor-widget__width-inherit elementor-widget elementor-widget-image\" data-id=\"97ed93d\" data-element_type=\"widget\" data-widget_type=\"image.default\">\n\t\t\t\t<div class=\"elementor-widget-container\">\n\t\t\t\t\t\t\t\t\t\t\t\t\t<img decoding=\"async\" width=\"861\" height=\"567\" src=\"https:\/\/webdev.dolphinaris.com.mx\/wp-content\/uploads\/2024\/05\/texas-dolphinaris.webp\" class=\"attachment-full size-full wp-image-349\" alt=\"\" srcset=\"https:\/\/webdev.dolphinaris.com.mx\/wp-content\/uploads\/2024\/05\/texas-dolphinaris.webp 861w, https:\/\/webdev.dolphinaris.com.mx\/wp-content\/uploads\/2024\/05\/texas-dolphinaris-300x198.webp 300w, https:\/\/webdev.dolphinaris.com.mx\/wp-content\/uploads\/2024\/05\/texas-dolphinaris-768x506.webp 768w\" sizes=\"(max-width: 861px) 100vw, 861px\" \/>\t\t\t\t\t\t\t\t\t\t\t\t\t<\/div>\n\t\t\t\t<\/div>\n\t\t\t\t\t<\/div>\n\t\t\t\t<\/div>\n\t\t\t\t\t<\/div>\n\t\t\t\t<\/div>\n\t\t<div class=\"elementor-element elementor-element-c26524d e-flex e-con-boxed e-con e-parent\" data-id=\"c26524d\" data-element_type=\"container\" data-settings=\"{&quot;background_background&quot;:&quot;classic&quot;}\">\n\t\t\t\t\t<div class=\"e-con-inner\">\n\t\t<div class=\"elementor-element elementor-element-f6efe61 e-flex e-con-boxed e-con e-child\" data-id=\"f6efe61\" data-element_type=\"container\">\n\t\t\t\t\t<div class=\"e-con-inner\">\n\t\t\t\t<div class=\"elementor-element elementor-element-cde1d5f elementor-widget__width-inherit elementor-widget elementor-widget-image\" data-id=\"cde1d5f\" data-element_type=\"widget\" data-widget_type=\"image.default\">\n\t\t\t\t<div class=\"elementor-widget-container\">\n\t\t\t\t\t\t\t\t\t\t\t\t\t<img decoding=\"async\" width=\"861\" height=\"567\" src=\"https:\/\/webdev.dolphinaris.com.mx\/wp-content\/uploads\/2024\/05\/aquavet-dolphinaris.webp\" class=\"attachment-full size-full wp-image-350\" alt=\"\" srcset=\"https:\/\/webdev.dolphinaris.com.mx\/wp-content\/uploads\/2024\/05\/aquavet-dolphinaris.webp 861w, https:\/\/webdev.dolphinaris.com.mx\/wp-content\/uploads\/2024\/05\/aquavet-dolphinaris-300x198.webp 300w, https:\/\/webdev.dolphinaris.com.mx\/wp-content\/uploads\/2024\/05\/aquavet-dolphinaris-768x506.webp 768w\" sizes=\"(max-width: 861px) 100vw, 861px\" \/>\t\t\t\t\t\t\t\t\t\t\t\t\t<\/div>\n\t\t\t\t<\/div>\n\t\t\t\t\t<\/div>\n\t\t\t\t<\/div>\n\t\t<div class=\"elementor-element elementor-element-9fe5bd4 e-flex e-con-boxed e-con e-child\" data-id=\"9fe5bd4\" data-element_type=\"container\">\n\t\t\t\t\t<div class=\"e-con-inner\">\n\t\t\t\t<div class=\"elementor-element elementor-element-beff4fd elementor-widget elementor-widget-heading\" data-id=\"beff4fd\" data-element_type=\"widget\" data-widget_type=\"heading.default\">\n\t\t\t\t<div class=\"elementor-widget-container\">\n\t\t\t<h2 class=\"elementor-heading-title elementor-size-default\">AQUAVET\u00aeIII<\/h2>\t\t<\/div>\n\t\t\t\t<\/div>\n\t\t\t\t<div class=\"elementor-element elementor-element-33801a2 elementor-widget elementor-widget-text-editor\" data-id=\"33801a2\" data-element_type=\"widget\" data-widget_type=\"text-editor.default\">\n\t\t\t\t<div class=\"elementor-widget-container\">\n\t\t\t\t\t\t\t<p>Durante 4 a\u00f1os consecutivos (2012-2015),\u00a0<strong>Dolphinaris ha sido sede en las locaciones Canc\u00fan, Riviera Maya y Cozumel de Aquavet\u00aeIII<\/strong>. En estos cursos han participado cerca de 30 estudiantes de Medicina Veterinaria de universidades como\u00a0<strong>Cornell, Pensilvania, Kansas, Minnesota, Pomona y Tufts,<\/strong>\u00a0entre otras.<br \/>Durante la estancia de 2 semanas en Dolphinaris participan en cursos y pr\u00e1cticas enfocadas a la anatom\u00eda, fisiolog\u00eda, medicina, entrenamiento, control de la calidad del agua, manejo del pescado, laboratorio cl\u00ednico, oftalmolog\u00eda, conservaci\u00f3n, reproducci\u00f3n, endoscop\u00eda y ultrasonograf\u00eda en delfines.<br \/>Tras la capacitaci\u00f3n, los estudiantes participan tambi\u00e9n en el diagn\u00f3stico de casos cl\u00ednicos basados en la informaci\u00f3n de casos reales en delfines.<br \/><strong>Dolphinaris<\/strong>\u00a0as\u00ed, es parte importante en la formaci\u00f3n de profesionales egresados de las universidades m\u00e1s prestigiadas en el campo de la medicina veterinaria.\u00a0<a title=\"Fundaci\u00f3n Dolphinaris Educaci\u00f3n AQUAVET\u00ae III\" href=\"https:\/\/dolphinaris.com.mx\/es\/programa-educativo-aquavet-iii\/\">Conoce m\u00e1s acerca de este programa<\/a>.<\/p>\t\t\t\t\t\t<\/div>\n\t\t\t\t<\/div>\n\t\t\t\t\t<\/div>\n\t\t\t\t<\/div>\n\t\t\t\t\t<\/div>\n\t\t\t\t<\/div>\n\t\t\t\t<\/div>\n\t\t","protected":false},"excerpt":{"rendered":"<p>PROGRAMA EDUCATIVO El Programa Educativo Dolphinaris\u00a0consiste en recorridos guiados para grupos escolares en las instalaciones de cada locaci\u00f3n. Est\u00e1n\u00a0enfocadas a grupos de primaria de escuelas p\u00fablicas y privadas\u00a0cercanas a cada localidad y est\u00e1n dise\u00f1adas como visitas de aprendizaje experiencial impartidas por nuestros Gu\u00edas Ambientales. El programa busca promover un\u00a0sentido de identidad, participaci\u00f3n y acci\u00f3n\u00a0hacia la\u00a0conservaci\u00f3n\u00a0de [&hellip;]<\/p>\n","protected":false},"author":2,"featured_media":0,"parent":0,"menu_order":0,"comment_status":"closed","ping_status":"closed","template":"elementor_header_footer","meta":{"_acf_changed":false,"footnotes":""},"class_list":["post-346","page","type-page","status-publish","hentry"],"acf":[],"_links":{"self":[{"href":"https:\/\/webdev.dolphinaris.com.mx\/es\/wp-json\/wp\/v2\/pages\/346","targetHints":{"allow":["GET"]}}],"collection":[{"href":"https:\/\/webdev.dolphinaris.com.mx\/es\/wp-json\/wp\/v2\/pages"}],"about":[{"href":"https:\/\/webdev.dolphinaris.com.mx\/es\/wp-json\/wp\/v2\/types\/page"}],"author":[{"embeddable":true,"href":"https:\/\/webdev.dolphinaris.com.mx\/es\/wp-json\/wp\/v2\/users\/2"}],"replies":[{"embeddable":true,"href":"https:\/\/webdev.dolphinaris.com.mx\/es\/wp-json\/wp\/v2\/comments?post=346"}],"version-history":[{"count":4,"href":"https:\/\/webdev.dolphinaris.com.mx\/es\/wp-json\/wp\/v2\/pages\/346\/revisions"}],"predecessor-version":[{"id":353,"href":"https:\/\/webdev.dolphinaris.com.mx\/es\/wp-json\/wp\/v2\/pages\/346\/revisions\/353"}],"wp:attachment":[{"href":"https:\/\/webdev.dolphinaris.com.mx\/es\/wp-json\/wp\/v2\/media?parent=346"}],"curies":[{"name":"wp","href":"https:\/\/api.w.org\/{rel}","templated":true}]}}